{"id":2118,"date":"2026-03-06T14:19:42","date_gmt":"2026-03-06T14:19:42","guid":{"rendered":"https:\/\/riohotel.it\/?page_id=2118"},"modified":"2026-03-06T14:22:28","modified_gmt":"2026-03-06T14:22:28","slug":"%d0%ba%d0%be%d0%bd%d1%82%d0%b0%d0%ba%d1%82%d1%8b-2","status":"publish","type":"page","link":"https:\/\/riohotel.it\/ru\/%d0%ba%d0%be%d0%bd%d1%82%d0%b0%d0%ba%d1%82%d1%8b-2\/","title":{"rendered":"\u041a\u041e\u041d\u0422\u0410\u041a\u0422\u042b"},"content":{"rendered":"\t\t<div data-elementor-type=\"wp-page\" data-elementor-id=\"2118\" class=\"elementor elementor-2118\" data-elementor-post-type=\"page\">\n\t\t\t\t<div class=\"elementor-element elementor-element-69259d9 e-flex e-con-boxed e-con e-parent\" data-id=\"69259d9\" data-element_type=\"container\" data-e-type=\"container\" data-settings=\"{&quot;background_background&quot;:&quot;classic&quot;}\">\n\t\t\t\t\t<div class=\"e-con-inner\">\n\t\t<div class=\"elementor-element elementor-element-cccc501 e-con-full e-flex e-con e-child\" data-id=\"cccc501\" data-element_type=\"container\" data-e-type=\"container\">\n\t\t\t\t<div class=\"elementor-element elementor-element-0bd90a9 elementor-widget elementor-widget-heading\" data-id=\"0bd90a9\" data-element_type=\"widget\" data-e-type=\"widget\" data-widget_type=\"heading.default\">\n\t\t\t\t\t<h2 class=\"elementor-heading-title elementor-size-default\">\u041e\u0422\u0415\u041b\u042c 3 \u0417\u0412\u0415\u0417\u0414\u042b \u0424\u0418\u041d\u0410\u041b\u0415-\u041b\u0418\u0413\u0423\u0420\u0415<\/h2>\t\t\t\t<\/div>\n\t\t\t\t<div class=\"elementor-element elementor-element-d6d061f elementor-widget elementor-widget-heading\" data-id=\"d6d061f\" data-element_type=\"widget\" data-e-type=\"widget\" data-widget_type=\"heading.default\">\n\t\t\t\t\t<h2 class=\"elementor-heading-title elementor-size-default\">\u0421\u0432\u044f\u0436\u0438\u0442\u0435\u0441\u044c \u0441 \u043d\u0430\u043c\u0438<\/h2>\t\t\t\t<\/div>\n\t\t\t\t<div class=\"elementor-element elementor-element-338d3a8 elementor-widget elementor-widget-image\" data-id=\"338d3a8\" data-element_type=\"widget\" data-e-type=\"widget\" data-widget_type=\"image.default\">\n\t\t\t\t\t\t\t\t\t\t\t\t\t\t\t<img decoding=\"async\" width=\"300\" height=\"18\" src=\"https:\/\/riohotel.it\/wp-content\/uploads\/separazione2-1-300x18.png\" class=\"attachment-medium size-medium wp-image-1206\" alt=\"\" srcset=\"https:\/\/riohotel.it\/wp-content\/uploads\/separazione2-1-300x18.png 300w, https:\/\/riohotel.it\/wp-content\/uploads\/separazione2-1-1024x63.png 1024w, https:\/\/riohotel.it\/wp-content\/uploads\/separazione2-1-768x47.png 768w, https:\/\/riohotel.it\/wp-content\/uploads\/separazione2-1.png 1106w\" sizes=\"(max-width: 300px) 100vw, 300px\" \/>\t\t\t\t\t\t\t\t\t\t\t\t\t\t\t<\/div>\n\t\t\t\t<\/div>\n\t\t\t\t\t<\/div>\n\t\t\t\t<\/div>\n\t\t<div class=\"elementor-element elementor-element-a0f9bd5 e-flex e-con-boxed e-con e-parent\" data-id=\"a0f9bd5\" data-element_type=\"container\" data-e-type=\"container\">\n\t\t\t\t\t<div class=\"e-con-inner\">\n\t\t\t\t<div class=\"elementor-element elementor-element-dc7bd62 elementor-widget elementor-widget-text-editor\" data-id=\"dc7bd62\" data-element_type=\"widget\" data-e-type=\"widget\" data-widget_type=\"text-editor.default\">\n\t\t\t\t\t\t\t\t\t<h1>Dichiarazione di Accessibilit\u00e0<\/h1>\n\n<p>\nHotel Rio *** si impegna a rendere il proprio sito web accessibile, conformemente ai principi\ndi accessibilit\u00e0, usabilit\u00e0 e inclusione digitale, con l\u2019obiettivo di offrire un\u2019esperienza\ndi navigazione fruibile al maggior numero possibile di utenti.\n<\/p>\n\n<h2>Ambito di applicazione<\/h2>\n<p>\nLa presente dichiarazione di accessibilit\u00e0 si applica al sito web dell\u2019Hotel Rio.\n<\/p>\n\n<h2>Stato di conformit\u00e0<\/h2>\n<p>\nQuesto sito web \u00e8 <strong>parzialmente conforme<\/strong> ai requisiti di accessibilit\u00e0 previsti\ndalle normative vigenti e dalle linee guida internazionali per l\u2019accessibilit\u00e0 dei contenuti web\n(WCAG \u2013 Web Content Accessibility Guidelines), a causa delle non conformit\u00e0 e\/o eccezioni elencate di seguito.\n<\/p>\n\n<h2>Contenuti non pienamente accessibili<\/h2>\n<p>I contenuti indicati di seguito potrebbero non essere completamente accessibili:<\/p>\n\n<ul>\n<li>alcuni elementi grafici o icone potrebbero non avere etichette pienamente compatibili con tutte le tecnologie assistive;<\/li>\n<li>alcuni componenti di terze parti, inclusi eventuali sistemi di prenotazione online (booking engine), potrebbero presentare limitazioni di accessibilit\u00e0 non direttamente dipendenti dal gestore del sito;<\/li>\n<li>alcuni contenuti multimediali o immagini potrebbero non avere descrizioni alternative complete;<\/li>\n<li>alcuni elementi di navigazione potrebbero richiedere ulteriori ottimizzazioni per la navigazione da tastiera.<\/li>\n<\/ul>\n\n<h2>Metodo di valutazione<\/h2>\n<p>\nLa valutazione dell\u2019accessibilit\u00e0 \u00e8 stata effettuata tramite verifiche tecniche interne\ne mediante strumenti automatici di analisi delle prestazioni e dell\u2019accessibilit\u00e0 web.\n<\/p>\n\n<h2>Redazione della dichiarazione<\/h2>\n<p>\nLa presente dichiarazione \u00e8 stata redatta il <strong>06 marzo 2026<\/strong>.\nViene riesaminata periodicamente per garantire un miglioramento continuo del livello di accessibilit\u00e0 del sito.\n<\/p>\n\n<h2>Feedback e contatti<\/h2>\n\n<p>\nPer segnalazioni relative all\u2019accessibilit\u00e0 del sito o per richiedere contenuti in formato accessibile\n\u00e8 possibile contattare:\n<\/p>\n\n<p>\n<strong>Hotel Rio ***<\/strong><br>\nVia delle Mimose, 13<br>\n17024 Finale Ligure (SV) \u2013 Italy\n<\/p>\n\n<p>\n<strong>Telefono:<\/strong> 019 601726<br>\n<strong>Fax:<\/strong> 019 601727<br>\n<strong>Cellulare:<\/strong> 334 3982404\n<\/p>\n\n<p>\n<strong>Email:<\/strong> <a href=\"mailto:info@riohotel.it\">info@riohotel.it<\/a>\n<\/p>\n\n<p>\n<strong>Partita IVA:<\/strong> 00387600091\n<\/p>\n\n<h2>Modalit\u00e0 di invio delle segnalazioni<\/h2>\n<p>\nL\u2019utente pu\u00f2 inviare una segnalazione descrivendo il problema riscontrato,\nindicando la pagina del sito interessata e la funzionalit\u00e0 non accessibile.\nOgni richiesta verr\u00e0 presa in carico e valutata nel minor tempo possibile.\n<\/p>\n\n<h2>Impegno al miglioramento<\/h2>\n<p>\nHotel Rio si impegna a migliorare progressivamente l\u2019accessibilit\u00e0 del proprio sito web\ne dei servizi digitali offerti, compatibilmente con l\u2019evoluzione tecnica della piattaforma\ne dei servizi di terze parti integrati, come eventuali sistemi di prenotazione online.\n<\/p>\n\n<\/section>\t\t\t\t\t\t\t\t<\/div>\n\t\t\t\t\t<\/div>\n\t\t\t\t<\/div>\n\t\t\t\t<\/div>\n\t\t","protected":false},"excerpt":{"rendered":"<p>\u041e\u0422\u0415\u041b\u042c 3 \u0417\u0412\u0415\u0417\u0414\u042b \u0424\u0418\u041d\u0410\u041b\u0415-\u041b\u0418\u0413\u0423\u0420\u0415 \u0421\u0432\u044f\u0436\u0438\u0442\u0435\u0441\u044c \u0441 \u043d\u0430\u043c\u0438 Dichiarazione di Accessibilit\u00e0 Hotel Rio *** si impegna a rendere il proprio sito web accessibile, conformemente ai principi di accessibilit\u00e0, usabilit\u00e0 e inclusione digitale, con l\u2019obiettivo di offrire un\u2019esperienza di navigazione fruibile al maggior numero possibile di utenti. Ambito di applicazione La presente dichiarazione di accessibilit\u00e0 si applica [&hellip;]<\/p>\n","protected":false},"author":1,"featured_media":0,"parent":0,"menu_order":0,"comment_status":"closed","ping_status":"closed","template":"","meta":{"footnotes":""},"class_list":["post-2118","page","type-page","status-publish","hentry"],"yoast_head":"<!-- This site is optimized with the Yoast SEO plugin v26.9 - https:\/\/yoast.com\/product\/yoast-seo-wordpress\/ -->\n<title>\u041a\u041e\u041d\u0422\u0410\u041a\u0422\u042b - Hotel Rio<\/title>\n<meta name=\"robots\" content=\"index, follow, max-snippet:-1, max-image-preview:large, max-video-preview:-1\" \/>\n<link rel=\"canonical\" href=\"https:\/\/riohotel.it\/dichiarazione-di-accessibilita\/\" \/>\n<meta property=\"og:locale\" content=\"ru_RU\" \/>\n<meta property=\"og:type\" content=\"article\" \/>\n<meta property=\"og:title\" content=\"\u041a\u041e\u041d\u0422\u0410\u041a\u0422\u042b - Hotel Rio\" \/>\n<meta property=\"og:description\" content=\"\u041e\u0422\u0415\u041b\u042c 3 \u0417\u0412\u0415\u0417\u0414\u042b \u0424\u0418\u041d\u0410\u041b\u0415-\u041b\u0418\u0413\u0423\u0420\u0415 \u0421\u0432\u044f\u0436\u0438\u0442\u0435\u0441\u044c \u0441 \u043d\u0430\u043c\u0438 Dichiarazione di Accessibilit\u00e0 Hotel Rio *** si impegna a rendere il proprio sito web accessibile, conformemente ai principi di accessibilit\u00e0, usabilit\u00e0 e inclusione digitale, con l\u2019obiettivo di offrire un\u2019esperienza di navigazione fruibile al maggior numero possibile di utenti. Ambito di applicazione La presente dichiarazione di accessibilit\u00e0 si applica [&hellip;]\" \/>\n<meta property=\"og:url\" content=\"https:\/\/riohotel.it\/dichiarazione-di-accessibilita\/\" \/>\n<meta property=\"og:site_name\" content=\"Hotel Rio\" \/>\n<meta property=\"article:modified_time\" content=\"2026-03-06T14:22:28+00:00\" \/>\n<meta property=\"og:image\" content=\"https:\/\/riohotel.it\/wp-content\/uploads\/separazione2-1.png\" \/>\n\t<meta property=\"og:image:width\" content=\"1106\" \/>\n\t<meta property=\"og:image:height\" content=\"68\" \/>\n\t<meta property=\"og:image:type\" content=\"image\/png\" \/>\n<meta name=\"twitter:card\" content=\"summary_large_image\" \/>\n<meta name=\"twitter:label1\" content=\"\u041f\u0440\u0438\u043c\u0435\u0440\u043d\u043e\u0435 \u0432\u0440\u0435\u043c\u044f \u0434\u043b\u044f \u0447\u0442\u0435\u043d\u0438\u044f\" \/>\n\t<meta name=\"twitter:data1\" content=\"2 \u043c\u0438\u043d\u0443\u0442\u044b\" \/>\n<script type=\"application\/ld+json\" class=\"yoast-schema-graph\">{\"@context\":\"https:\/\/schema.org\",\"@graph\":[{\"@type\":\"WebPage\",\"@id\":\"https:\/\/riohotel.it\/dichiarazione-di-accessibilita\/\",\"url\":\"https:\/\/riohotel.it\/dichiarazione-di-accessibilita\/\",\"name\":\"\u041a\u041e\u041d\u0422\u0410\u041a\u0422\u042b - Hotel Rio\",\"isPartOf\":{\"@id\":\"https:\/\/riohotel.it\/#website\"},\"primaryImageOfPage\":{\"@id\":\"https:\/\/riohotel.it\/dichiarazione-di-accessibilita\/#primaryimage\"},\"image\":{\"@id\":\"https:\/\/riohotel.it\/dichiarazione-di-accessibilita\/#primaryimage\"},\"thumbnailUrl\":\"https:\/\/riohotel.it\/wp-content\/uploads\/separazione2-1-300x18.png\",\"datePublished\":\"2026-03-06T14:19:42+00:00\",\"dateModified\":\"2026-03-06T14:22:28+00:00\",\"breadcrumb\":{\"@id\":\"https:\/\/riohotel.it\/dichiarazione-di-accessibilita\/#breadcrumb\"},\"inLanguage\":\"ru-RU\",\"potentialAction\":[{\"@type\":\"ReadAction\",\"target\":[\"https:\/\/riohotel.it\/dichiarazione-di-accessibilita\/\"]}]},{\"@type\":\"ImageObject\",\"inLanguage\":\"ru-RU\",\"@id\":\"https:\/\/riohotel.it\/dichiarazione-di-accessibilita\/#primaryimage\",\"url\":\"https:\/\/riohotel.it\/wp-content\/uploads\/separazione2-1-300x18.png\",\"contentUrl\":\"https:\/\/riohotel.it\/wp-content\/uploads\/separazione2-1-300x18.png\"},{\"@type\":\"BreadcrumbList\",\"@id\":\"https:\/\/riohotel.it\/dichiarazione-di-accessibilita\/#breadcrumb\",\"itemListElement\":[{\"@type\":\"ListItem\",\"position\":1,\"name\":\"Home\",\"item\":\"https:\/\/riohotel.it\/\"},{\"@type\":\"ListItem\",\"position\":2,\"name\":\"\u041a\u041e\u041d\u0422\u0410\u041a\u0422\u042b\"}]},{\"@type\":\"WebSite\",\"@id\":\"https:\/\/riohotel.it\/#website\",\"url\":\"https:\/\/riohotel.it\/\",\"name\":\"Hotel Rio\",\"description\":\"\",\"potentialAction\":[{\"@type\":\"SearchAction\",\"target\":{\"@type\":\"EntryPoint\",\"urlTemplate\":\"https:\/\/riohotel.it\/?s={search_term_string}\"},\"query-input\":{\"@type\":\"PropertyValueSpecification\",\"valueRequired\":true,\"valueName\":\"search_term_string\"}}],\"inLanguage\":\"ru-RU\"}]}<\/script>\n<!-- \/ Yoast SEO plugin. -->","yoast_head_json":{"title":"\u041a\u041e\u041d\u0422\u0410\u041a\u0422\u042b - Hotel Rio","robots":{"index":"index","follow":"follow","max-snippet":"max-snippet:-1","max-image-preview":"max-image-preview:large","max-video-preview":"max-video-preview:-1"},"canonical":"https:\/\/riohotel.it\/dichiarazione-di-accessibilita\/","og_locale":"ru_RU","og_type":"article","og_title":"\u041a\u041e\u041d\u0422\u0410\u041a\u0422\u042b - Hotel Rio","og_description":"\u041e\u0422\u0415\u041b\u042c 3 \u0417\u0412\u0415\u0417\u0414\u042b \u0424\u0418\u041d\u0410\u041b\u0415-\u041b\u0418\u0413\u0423\u0420\u0415 \u0421\u0432\u044f\u0436\u0438\u0442\u0435\u0441\u044c \u0441 \u043d\u0430\u043c\u0438 Dichiarazione di Accessibilit\u00e0 Hotel Rio *** si impegna a rendere il proprio sito web accessibile, conformemente ai principi di accessibilit\u00e0, usabilit\u00e0 e inclusione digitale, con l\u2019obiettivo di offrire un\u2019esperienza di navigazione fruibile al maggior numero possibile di utenti. Ambito di applicazione La presente dichiarazione di accessibilit\u00e0 si applica [&hellip;]","og_url":"https:\/\/riohotel.it\/dichiarazione-di-accessibilita\/","og_site_name":"Hotel Rio","article_modified_time":"2026-03-06T14:22:28+00:00","og_image":[{"width":1106,"height":68,"url":"https:\/\/riohotel.it\/wp-content\/uploads\/separazione2-1.png","type":"image\/png"}],"twitter_card":"summary_large_image","twitter_misc":{"\u041f\u0440\u0438\u043c\u0435\u0440\u043d\u043e\u0435 \u0432\u0440\u0435\u043c\u044f \u0434\u043b\u044f \u0447\u0442\u0435\u043d\u0438\u044f":"2 \u043c\u0438\u043d\u0443\u0442\u044b"},"schema":{"@context":"https:\/\/schema.org","@graph":[{"@type":"WebPage","@id":"https:\/\/riohotel.it\/dichiarazione-di-accessibilita\/","url":"https:\/\/riohotel.it\/dichiarazione-di-accessibilita\/","name":"\u041a\u041e\u041d\u0422\u0410\u041a\u0422\u042b - Hotel Rio","isPartOf":{"@id":"https:\/\/riohotel.it\/#website"},"primaryImageOfPage":{"@id":"https:\/\/riohotel.it\/dichiarazione-di-accessibilita\/#primaryimage"},"image":{"@id":"https:\/\/riohotel.it\/dichiarazione-di-accessibilita\/#primaryimage"},"thumbnailUrl":"https:\/\/riohotel.it\/wp-content\/uploads\/separazione2-1-300x18.png","datePublished":"2026-03-06T14:19:42+00:00","dateModified":"2026-03-06T14:22:28+00:00","breadcrumb":{"@id":"https:\/\/riohotel.it\/dichiarazione-di-accessibilita\/#breadcrumb"},"inLanguage":"ru-RU","potentialAction":[{"@type":"ReadAction","target":["https:\/\/riohotel.it\/dichiarazione-di-accessibilita\/"]}]},{"@type":"ImageObject","inLanguage":"ru-RU","@id":"https:\/\/riohotel.it\/dichiarazione-di-accessibilita\/#primaryimage","url":"https:\/\/riohotel.it\/wp-content\/uploads\/separazione2-1-300x18.png","contentUrl":"https:\/\/riohotel.it\/wp-content\/uploads\/separazione2-1-300x18.png"},{"@type":"BreadcrumbList","@id":"https:\/\/riohotel.it\/dichiarazione-di-accessibilita\/#breadcrumb","itemListElement":[{"@type":"ListItem","position":1,"name":"Home","item":"https:\/\/riohotel.it\/"},{"@type":"ListItem","position":2,"name":"\u041a\u041e\u041d\u0422\u0410\u041a\u0422\u042b"}]},{"@type":"WebSite","@id":"https:\/\/riohotel.it\/#website","url":"https:\/\/riohotel.it\/","name":"Hotel Rio","description":"","potentialAction":[{"@type":"SearchAction","target":{"@type":"EntryPoint","urlTemplate":"https:\/\/riohotel.it\/?s={search_term_string}"},"query-input":{"@type":"PropertyValueSpecification","valueRequired":true,"valueName":"search_term_string"}}],"inLanguage":"ru-RU"}]}},"_links":{"self":[{"href":"https:\/\/riohotel.it\/ru\/wp-json\/wp\/v2\/pages\/2118","targetHints":{"allow":["GET"]}}],"collection":[{"href":"https:\/\/riohotel.it\/ru\/wp-json\/wp\/v2\/pages"}],"about":[{"href":"https:\/\/riohotel.it\/ru\/wp-json\/wp\/v2\/types\/page"}],"author":[{"embeddable":true,"href":"https:\/\/riohotel.it\/ru\/wp-json\/wp\/v2\/users\/1"}],"replies":[{"embeddable":true,"href":"https:\/\/riohotel.it\/ru\/wp-json\/wp\/v2\/comments?post=2118"}],"version-history":[{"count":4,"href":"https:\/\/riohotel.it\/ru\/wp-json\/wp\/v2\/pages\/2118\/revisions"}],"predecessor-version":[{"id":2141,"href":"https:\/\/riohotel.it\/ru\/wp-json\/wp\/v2\/pages\/2118\/revisions\/2141"}],"wp:attachment":[{"href":"https:\/\/riohotel.it\/ru\/wp-json\/wp\/v2\/media?parent=2118"}],"curies":[{"name":"wp","href":"https:\/\/api.w.org\/{rel}","templated":true}]}}